{"id":551,"date":"2019-03-08T17:13:02","date_gmt":"2019-03-08T17:13:02","guid":{"rendered":"http:\/\/www.cbselos.com.br\/site\/?page_id=551"},"modified":"2019-03-11T17:19:48","modified_gmt":"2019-03-11T17:19:48","slug":"filme-pp-embalagem-de-plastico","status":"publish","type":"page","link":"https:\/\/www.cbselos.com.br\/site\/filme-pp-embalagem-de-plastico\/","title":{"rendered":"Filme PP &#8211; Embalagem de Pl\u00e1stico"},"content":{"rendered":"\n<p> Filme PP \u00e9 indicado quando se necessita de uma excelente apresenta\u00e7\u00e3o para o produto, pois trata-se de um pl\u00e1stico muito transparente. Al\u00e9m de sua magn\u00edfica transpar\u00eancia possuem brilho, se assemelhando assim a embalagens de vidro.<\/p>\n\n\n\n<p> Nossa f\u00e1brica de Filme PP possui tecnologia e profissionais capacitados para que possamos produzir filmes t\u00e9cnicos de alt\u00edssima qualidade e com varia\u00e7\u00f5es de espessuras m\u00ednimas, assegurando sempre o melhor filme. <a href=\"#fabricacao\">Veja especifica\u00e7\u00f5es<\/a><\/p>\n\n\n\n<h2 class=\"wp-block-heading\"> Uso do Filme PP<\/h2>\n\n\n\n<p> O filme PP \u00e9 muito utilizado para laminar com outros materiais como BOPP, PET ou PEBD em embalagens para produtos aliment\u00edcios, especialmente massas, doces ou biscoitos.<\/p>\n\n\n\n<p>Este tipo de filme tamb\u00e9m \u00e9 indicado na embalagem de balas, pois respondem bem \u00e0 tor\u00e7\u00e3o (\u201ctwist\u201d), em embalagens que ser\u00e3o autoclavadas  (\u201cretort\u201d &#8211; submetidas a altas temperaturas). Tamb\u00e9m podem ser utilizadas em embalagens termoformadas, para selagem em papel.<\/p>\n\n\n\n<h3 class=\"wp-block-heading\"> Caracter\u00edsticas do Filme PP<\/h3>\n\n\n\n<p> O filme de polipropileno pode ser monocamada ou coextrusado nos formatos tubular, enfestado ou folha.<\/p>\n\n\n\n<p> Filme PP coextrusado entrega caracter\u00edsticas espec\u00edficas para as mais variadas utiliza\u00e7\u00f5es, com economia, uma vez que as mat\u00e9rias-primas especiais e mais caras, s\u00e3o aplicadas apenas nas camadas onde s\u00e3o necess\u00e1rias para melhorar o desempenho.<\/p>\n\n\n\n<p>\nA bobina de PP pode ser fabricada transparente ou pigmentada em\nqualquer cor, com brilho ou fosco (acabamento Mate) \n<\/p>\n\n\n\n<p>Este tipo de embalagem torna-se fr\u00e1gil em baixas temperaturas, n\u00e3o resistindo ao impacto, deste modo, n\u00e3o \u00e9 recomendado o seu uso para produtos refrigerados.<\/p>\n\n\n\n<h4 class=\"wp-block-heading\">Aditivos para filme PP<\/h4>\n\n\n\n<p> Estes filmes podem ser aditivados para adquirirem caracter\u00edsticas especiais como:<\/p>\n\n\n\n<ul class=\"wp-block-list\"><li> Anti-chama<\/li><li> Anti-derrapante<\/li><li> Anti-fogging<\/li><li> Resist\u00eancia a raios UV<\/li><\/ul>\n\n\n\n<h5 class=\"wp-block-heading\" id=\"fabricacao\">Fabrica\u00e7\u00e3o<\/h5>\n\n\n\n<p> Contamos com extrusora plana coex de 3 camadas largura 3150mm e produ\u00e7\u00e3o de at\u00e9 800kg\/hora e com 7 extrusoras filme soprado (bal\u00e3o) para larguras de 110mm a 1000mm.<\/p>\n\n\n\n<p> Fabricamos filmes de acordo com a necessidade do cliente:<\/p>\n\n\n\n<ul class=\"wp-block-list\"><li> Largura m\u00e1xima 3150mm se filme folha; 1575mm se enfestado ou 1000mm se tubular<\/li><li> Espessura 0,010mm a 0,160mm por parede<\/li><li> Di\u00e2metro m\u00e1ximo 800mm<\/li><\/ul>\n\n\n\n<figure class=\"wp-block-image\"><img fetchpriority=\"high\" decoding=\"async\" width=\"300\" height=\"179\" src=\"http:\/\/www.cbselos.com.br\/site\/wp-content\/uploads\/2019\/03\/filme_pp-300x179.jpg\" alt=\"Filme PP Liso\" class=\"wp-image-552\" srcset=\"https:\/\/www.cbselos.com.br\/site\/wp-content\/uploads\/2019\/03\/filme_pp-300x179.jpg 300w, https:\/\/www.cbselos.com.br\/site\/wp-content\/uploads\/2019\/03\/filme_pp.jpg 400w\" sizes=\"(max-width: 300px) 100vw, 300px\" \/><\/figure>\n\n\n\n<figure class=\"wp-block-image\"><img decoding=\"async\" width=\"300\" height=\"232\" src=\"http:\/\/www.cbselos.com.br\/site\/wp-content\/uploads\/2019\/03\/filme_pp_cpp_impresso-300x232.jpg\" alt=\"filme pp pp impresso\" class=\"wp-image-559\"\/><\/figure>\n\n\n\n<h4 class=\"wp-block-heading\">Polipropileno \u00e9 recicl\u00e1vel<\/h4>\n\n\n\n<p>O Filme PP \u00e9 <a href=\"http:\/\/meioambiente.culturamix.com\/reciclagem\/polipropileno-reciclagem\" target=\"_blank\" rel=\"noreferrer noopener\" aria-label=\"facilmente recicl\u00e1vel (abre numa nova aba)\">facilmente recicl\u00e1vel<\/a> e nossa empresa possui o setor de recupera\u00e7\u00e3o.<\/p>\n\n\n\n<p>Neste setor reciclamos todas as aparas geradas nos processos de extrus\u00e3o, como refile evitando assim maiores preju\u00edzos ambientais.<\/p>\n\n\n\n<h4 class=\"wp-block-heading\">Sobre a CBS<\/h4>\n\n\n\n<p>Desde 1987 a CBS vem fornecendo embalagens para os mais variados segmentos. <\/p>\n\n\n\n<p>Fabricamos filme PP para grandes ind\u00fastrias automobil\u00edsticas, aliment\u00edcias, varejistas, farmac\u00eauticas, al\u00e9m de itens espec\u00edficos para demandas de nossos clientes.  <\/p>\n\n\n\n<p>Realize sua <a href=\"http:\/\/www.cbselos.com.br\/site\/cotacao-orcamento\/\">cota\u00e7\u00e3o<\/a> ou tire suas d\u00favidas com nossa equipe de vendas, basta <a href=\"http:\/\/www.cbselos.com.br\/site\/cotacao-orcamento\/\">clicar aqui<\/a>. Ser\u00e1 um prazer atend\u00ea-lo!<br><\/p>\n\n\n\n<p>Confira todos nossos <a href=\"http:\/\/www.cbselos.com.br\/site\/produtos-embalagens-flexiveis\/\">produtos<\/a><\/p>\n","protected":false},"excerpt":{"rendered":"<p>Filme PP \u00e9 indicado quando se necessita de uma excelente apresenta\u00e7\u00e3o para o produto, pois trata-se de um pl\u00e1stico muito transparente. Al\u00e9m de sua magn\u00edfica transpar\u00eancia possuem brilho, se assemelhando assim a embalagens de vidro. Nossa f\u00e1brica de Filme PP possui tecnologia e profissionais capacitados para que possamos produzir filmes t\u00e9cnicos de alt\u00edssima qualidade e [&hellip;]<\/p>\n","protected":false},"author":1,"featured_media":0,"parent":0,"menu_order":0,"comment_status":"closed","ping_status":"closed","template":"","meta":{"footnotes":""},"class_list":["post-551","page","type-page","status-publish","hentry"],"yoast_head":"<!-- This site is optimized with the Yoast SEO plugin v27.2 - https:\/\/yoast.com\/product\/yoast-seo-wordpress\/ -->\n<title>Filme PP - Embalagem de Pl\u00e1stico - CBS ELOS<\/title>\n<meta name=\"description\" content=\"Filme PP \u00e9 indicado quando se necessita de uma excelente apresenta\u00e7\u00e3o para o produto, pois trata-se de um pl\u00e1stico muito transparente\" \/>\n<meta name=\"robots\" content=\"index, follow, max-snippet:-1, max-image-preview:large, max-video-preview:-1\" \/>\n<link rel=\"canonical\" href=\"https:\/\/www.cbselos.com.br\/site\/filme-pp-embalagem-de-plastico\/\" \/>\n<meta property=\"og:locale\" content=\"pt_BR\" \/>\n<meta property=\"og:type\" content=\"article\" \/>\n<meta property=\"og:title\" content=\"Filme PP - Embalagem de Pl\u00e1stico - CBS ELOS\" \/>\n<meta property=\"og:description\" content=\"Filme PP \u00e9 indicado quando se necessita de uma excelente apresenta\u00e7\u00e3o para o produto, pois trata-se de um pl\u00e1stico muito transparente\" \/>\n<meta property=\"og:url\" content=\"https:\/\/www.cbselos.com.br\/site\/filme-pp-embalagem-de-plastico\/\" \/>\n<meta property=\"og:site_name\" content=\"CBS ELOS\" \/>\n<meta property=\"article:modified_time\" content=\"2019-03-11T17:19:48+00:00\" \/>\n<meta property=\"og:image\" content=\"http:\/\/www.cbselos.com.br\/site\/wp-content\/uploads\/2019\/03\/filme_pp-300x179.jpg\" \/>\n<meta name=\"twitter:card\" content=\"summary_large_image\" \/>\n<meta name=\"twitter:label1\" content=\"Est. tempo de leitura\" \/>\n\t<meta name=\"twitter:data1\" content=\"2 minutos\" \/>\n<script type=\"application\/ld+json\" class=\"yoast-schema-graph\">{\"@context\":\"https:\/\/schema.org\",\"@graph\":[{\"@type\":\"WebPage\",\"@id\":\"https:\/\/www.cbselos.com.br\/site\/filme-pp-embalagem-de-plastico\/\",\"url\":\"https:\/\/www.cbselos.com.br\/site\/filme-pp-embalagem-de-plastico\/\",\"name\":\"Filme PP - Embalagem de Pl\u00e1stico - CBS ELOS\",\"isPartOf\":{\"@id\":\"https:\/\/www.cbselos.com.br\/site\/#website\"},\"primaryImageOfPage\":{\"@id\":\"https:\/\/www.cbselos.com.br\/site\/filme-pp-embalagem-de-plastico\/#primaryimage\"},\"image\":{\"@id\":\"https:\/\/www.cbselos.com.br\/site\/filme-pp-embalagem-de-plastico\/#primaryimage\"},\"thumbnailUrl\":\"http:\/\/www.cbselos.com.br\/site\/wp-content\/uploads\/2019\/03\/filme_pp-300x179.jpg\",\"datePublished\":\"2019-03-08T17:13:02+00:00\",\"dateModified\":\"2019-03-11T17:19:48+00:00\",\"description\":\"Filme PP \u00e9 indicado quando se necessita de uma excelente apresenta\u00e7\u00e3o para o produto, pois trata-se de um pl\u00e1stico muito transparente\",\"breadcrumb\":{\"@id\":\"https:\/\/www.cbselos.com.br\/site\/filme-pp-embalagem-de-plastico\/#breadcrumb\"},\"inLanguage\":\"pt-BR\",\"potentialAction\":[{\"@type\":\"ReadAction\",\"target\":[\"https:\/\/www.cbselos.com.br\/site\/filme-pp-embalagem-de-plastico\/\"]}]},{\"@type\":\"ImageObject\",\"inLanguage\":\"pt-BR\",\"@id\":\"https:\/\/www.cbselos.com.br\/site\/filme-pp-embalagem-de-plastico\/#primaryimage\",\"url\":\"http:\/\/www.cbselos.com.br\/site\/wp-content\/uploads\/2019\/03\/filme_pp-300x179.jpg\",\"contentUrl\":\"http:\/\/www.cbselos.com.br\/site\/wp-content\/uploads\/2019\/03\/filme_pp-300x179.jpg\"},{\"@type\":\"BreadcrumbList\",\"@id\":\"https:\/\/www.cbselos.com.br\/site\/filme-pp-embalagem-de-plastico\/#breadcrumb\",\"itemListElement\":[{\"@type\":\"ListItem\",\"position\":1,\"name\":\"In\u00edcio\",\"item\":\"https:\/\/www.cbselos.com.br\/site\/\"},{\"@type\":\"ListItem\",\"position\":2,\"name\":\"Filme PP &#8211; Embalagem de Pl\u00e1stico\"}]},{\"@type\":\"WebSite\",\"@id\":\"https:\/\/www.cbselos.com.br\/site\/#website\",\"url\":\"https:\/\/www.cbselos.com.br\/site\/\",\"name\":\"CBS ELOS\",\"description\":\"\",\"potentialAction\":[{\"@type\":\"SearchAction\",\"target\":{\"@type\":\"EntryPoint\",\"urlTemplate\":\"https:\/\/www.cbselos.com.br\/site\/?s={search_term_string}\"},\"query-input\":{\"@type\":\"PropertyValueSpecification\",\"valueRequired\":true,\"valueName\":\"search_term_string\"}}],\"inLanguage\":\"pt-BR\"}]}<\/script>\n<!-- \/ Yoast SEO plugin. -->","yoast_head_json":{"title":"Filme PP - Embalagem de Pl\u00e1stico - CBS ELOS","description":"Filme PP \u00e9 indicado quando se necessita de uma excelente apresenta\u00e7\u00e3o para o produto, pois trata-se de um pl\u00e1stico muito transparente","robots":{"index":"index","follow":"follow","max-snippet":"max-snippet:-1","max-image-preview":"max-image-preview:large","max-video-preview":"max-video-preview:-1"},"canonical":"https:\/\/www.cbselos.com.br\/site\/filme-pp-embalagem-de-plastico\/","og_locale":"pt_BR","og_type":"article","og_title":"Filme PP - Embalagem de Pl\u00e1stico - CBS ELOS","og_description":"Filme PP \u00e9 indicado quando se necessita de uma excelente apresenta\u00e7\u00e3o para o produto, pois trata-se de um pl\u00e1stico muito transparente","og_url":"https:\/\/www.cbselos.com.br\/site\/filme-pp-embalagem-de-plastico\/","og_site_name":"CBS ELOS","article_modified_time":"2019-03-11T17:19:48+00:00","og_image":[{"url":"http:\/\/www.cbselos.com.br\/site\/wp-content\/uploads\/2019\/03\/filme_pp-300x179.jpg","type":"","width":"","height":""}],"twitter_card":"summary_large_image","twitter_misc":{"Est. tempo de leitura":"2 minutos"},"schema":{"@context":"https:\/\/schema.org","@graph":[{"@type":"WebPage","@id":"https:\/\/www.cbselos.com.br\/site\/filme-pp-embalagem-de-plastico\/","url":"https:\/\/www.cbselos.com.br\/site\/filme-pp-embalagem-de-plastico\/","name":"Filme PP - Embalagem de Pl\u00e1stico - CBS ELOS","isPartOf":{"@id":"https:\/\/www.cbselos.com.br\/site\/#website"},"primaryImageOfPage":{"@id":"https:\/\/www.cbselos.com.br\/site\/filme-pp-embalagem-de-plastico\/#primaryimage"},"image":{"@id":"https:\/\/www.cbselos.com.br\/site\/filme-pp-embalagem-de-plastico\/#primaryimage"},"thumbnailUrl":"http:\/\/www.cbselos.com.br\/site\/wp-content\/uploads\/2019\/03\/filme_pp-300x179.jpg","datePublished":"2019-03-08T17:13:02+00:00","dateModified":"2019-03-11T17:19:48+00:00","description":"Filme PP \u00e9 indicado quando se necessita de uma excelente apresenta\u00e7\u00e3o para o produto, pois trata-se de um pl\u00e1stico muito transparente","breadcrumb":{"@id":"https:\/\/www.cbselos.com.br\/site\/filme-pp-embalagem-de-plastico\/#breadcrumb"},"inLanguage":"pt-BR","potentialAction":[{"@type":"ReadAction","target":["https:\/\/www.cbselos.com.br\/site\/filme-pp-embalagem-de-plastico\/"]}]},{"@type":"ImageObject","inLanguage":"pt-BR","@id":"https:\/\/www.cbselos.com.br\/site\/filme-pp-embalagem-de-plastico\/#primaryimage","url":"http:\/\/www.cbselos.com.br\/site\/wp-content\/uploads\/2019\/03\/filme_pp-300x179.jpg","contentUrl":"http:\/\/www.cbselos.com.br\/site\/wp-content\/uploads\/2019\/03\/filme_pp-300x179.jpg"},{"@type":"BreadcrumbList","@id":"https:\/\/www.cbselos.com.br\/site\/filme-pp-embalagem-de-plastico\/#breadcrumb","itemListElement":[{"@type":"ListItem","position":1,"name":"In\u00edcio","item":"https:\/\/www.cbselos.com.br\/site\/"},{"@type":"ListItem","position":2,"name":"Filme PP &#8211; Embalagem de Pl\u00e1stico"}]},{"@type":"WebSite","@id":"https:\/\/www.cbselos.com.br\/site\/#website","url":"https:\/\/www.cbselos.com.br\/site\/","name":"CBS ELOS","description":"","potentialAction":[{"@type":"SearchAction","target":{"@type":"EntryPoint","urlTemplate":"https:\/\/www.cbselos.com.br\/site\/?s={search_term_string}"},"query-input":{"@type":"PropertyValueSpecification","valueRequired":true,"valueName":"search_term_string"}}],"inLanguage":"pt-BR"}]}},"_links":{"self":[{"href":"https:\/\/www.cbselos.com.br\/site\/wp-json\/wp\/v2\/pages\/551","targetHints":{"allow":["GET"]}}],"collection":[{"href":"https:\/\/www.cbselos.com.br\/site\/wp-json\/wp\/v2\/pages"}],"about":[{"href":"https:\/\/www.cbselos.com.br\/site\/wp-json\/wp\/v2\/types\/page"}],"author":[{"embeddable":true,"href":"https:\/\/www.cbselos.com.br\/site\/wp-json\/wp\/v2\/users\/1"}],"replies":[{"embeddable":true,"href":"https:\/\/www.cbselos.com.br\/site\/wp-json\/wp\/v2\/comments?post=551"}],"version-history":[{"count":8,"href":"https:\/\/www.cbselos.com.br\/site\/wp-json\/wp\/v2\/pages\/551\/revisions"}],"predecessor-version":[{"id":569,"href":"https:\/\/www.cbselos.com.br\/site\/wp-json\/wp\/v2\/pages\/551\/revisions\/569"}],"wp:attachment":[{"href":"https:\/\/www.cbselos.com.br\/site\/wp-json\/wp\/v2\/media?parent=551"}],"curies":[{"name":"wp","href":"https:\/\/api.w.org\/{rel}","templated":true}]}}